{"id":252,"date":"2020-01-14T00:01:42","date_gmt":"2020-01-13T21:01:42","guid":{"rendered":"https:\/\/rengarenkmedya.com\/kurumsal\/?page_id=252"},"modified":"2020-11-18T10:08:58","modified_gmt":"2020-11-18T07:08:58","slug":"firma-tanitim-filmi","status":"publish","type":"page","link":"https:\/\/rengarenkmedya.com\/kurumsal\/firma-tanitim-filmi\/","title":{"rendered":"Firma Tan\u0131t\u0131m Filmi"},"content":{"rendered":"<div class=\"row clearfix \">\n<div class=\"col full \">\n<h4>F\u0130RMA TANITIM F\u0130LM\u0130<\/h4>\n<p>Kurumsal tan\u0131t\u0131m filmleri ile her mecrada marka bilinirli\u011finizi m\u00fcmk\u00fcn olan en \u00fcst seviyeye \u00e7\u0131karman\u0131za hizmet eder. Kurumsal toplant\u0131lar, seminerler, fuarlar ya da a\u00e7\u0131l\u0131\u015f gibi etkinliklerde prestijli sunumlar ger\u00e7ekle\u015ftirmenizi m\u00fcmk\u00fcn k\u0131lar.<\/p>\n<p>Sosyal medya payla\u015f\u0131mlar\u0131 ile katlanarak b\u00fcy\u00fcyen bir kitle eri\u015fimi sa\u011flayabilir, i\u00e7eri\u011fi ve g\u00f6rselli\u011fi y\u00fcksek bir kurumsal tan\u0131t\u0131m filmi ile rakipleriniz aras\u0131nda b\u00fcy\u00fck bir fark yaratabilirsiniz.<\/p>\n<p><div class=\"clear\"><\/div><div class=\"divider \"  style=\"height: 10px;\"><\/div><\/p>\n<\/div>\n<div class=\"col full \">\n<h5>Tan\u0131t\u0131m Filmi Referanslar\u0131<\/h5>\n<\/div>\n<div class=\"one-third \">\n<p><a href=\"https:\/\/rengarenkmedya.com\/kurumsal\/projects\/egis-yavuz-sultan-selim-koprusu-tanitim-filmi\/\"><img decoding=\"async\" loading=\"lazy\" class=\"alignnone wp-image-501 size-full\" src=\"https:\/\/rengarenkmedya.com\/kurumsal\/wp-content\/uploads\/2020\/03\/egis-yss-min.jpg\" alt=\"\" width=\"360\" height=\"245\" srcset=\"https:\/\/rengarenkmedya.com\/kurumsal\/wp-content\/uploads\/2020\/03\/egis-yss-min.jpg 360w, https:\/\/rengarenkmedya.com\/kurumsal\/wp-content\/uploads\/2020\/03\/egis-yss-min-300x204.jpg 300w\" sizes=\"(max-width: 360px) 100vw, 360px\" \/><\/a><\/p>\n<\/div>\n<div class=\"one-third \">\n<p><a href=\"https:\/\/rengarenkmedya.com\/kurumsal\/projects\/adel-woman-day\/\"><img decoding=\"async\" loading=\"lazy\" class=\"alignnone wp-image-738 size-full\" src=\"http:\/\/rengarenkmedya.com\/kurumsal\/wp-content\/uploads\/2020\/11\/adel-min.jpg\" alt=\"\" width=\"360\" height=\"245\" srcset=\"https:\/\/rengarenkmedya.com\/kurumsal\/wp-content\/uploads\/2020\/11\/adel-min.jpg 360w, https:\/\/rengarenkmedya.com\/kurumsal\/wp-content\/uploads\/2020\/11\/adel-min-300x204.jpg 300w\" sizes=\"(max-width: 360px) 100vw, 360px\" \/><\/a><\/p>\n<\/div>\n<div class=\"one-third \">\n<p><a href=\"https:\/\/rengarenkmedya.com\/kurumsal\/projects\/dyson\/\"><img decoding=\"async\" loading=\"lazy\" class=\"alignnone wp-image-739 size-full\" src=\"http:\/\/rengarenkmedya.com\/kurumsal\/wp-content\/uploads\/2020\/11\/dyson-min.jpg\" alt=\"\" width=\"360\" height=\"245\" srcset=\"https:\/\/rengarenkmedya.com\/kurumsal\/wp-content\/uploads\/2020\/11\/dyson-min.jpg 360w, https:\/\/rengarenkmedya.com\/kurumsal\/wp-content\/uploads\/2020\/11\/dyson-min-300x204.jpg 300w\" sizes=\"(max-width: 360px) 100vw, 360px\" \/><\/a><\/p>\n<\/div>\n<div class=\"one-third \">\n<p><a href=\"https:\/\/rengarenkmedya.com\/kurumsal\/projects\/horoz-lojistik\/\"><img decoding=\"async\" loading=\"lazy\" class=\"alignnone wp-image-504 size-full\" src=\"https:\/\/rengarenkmedya.com\/kurumsal\/wp-content\/uploads\/2020\/03\/horoz-lojistik-min.jpg\" alt=\"\" width=\"360\" height=\"245\" srcset=\"https:\/\/rengarenkmedya.com\/kurumsal\/wp-content\/uploads\/2020\/03\/horoz-lojistik-min.jpg 360w, https:\/\/rengarenkmedya.com\/kurumsal\/wp-content\/uploads\/2020\/03\/horoz-lojistik-min-300x204.jpg 300w\" sizes=\"(max-width: 360px) 100vw, 360px\" \/><\/a><\/p>\n<\/div>\n<div class=\"one-third \">\n<p><a href=\"https:\/\/rengarenkmedya.com\/kurumsal\/projects\/istanbul\/\"><img decoding=\"async\" loading=\"lazy\" class=\"alignnone wp-image-740 size-full\" src=\"http:\/\/rengarenkmedya.com\/kurumsal\/wp-content\/uploads\/2020\/11\/istanbul-min.jpg\" alt=\"\" width=\"360\" height=\"245\" srcset=\"https:\/\/rengarenkmedya.com\/kurumsal\/wp-content\/uploads\/2020\/11\/istanbul-min.jpg 360w, https:\/\/rengarenkmedya.com\/kurumsal\/wp-content\/uploads\/2020\/11\/istanbul-min-300x204.jpg 300w\" sizes=\"(max-width: 360px) 100vw, 360px\" \/><\/a><\/p>\n<\/div>\n<div class=\"one-third \">\n<p><a href=\"https:\/\/rengarenkmedya.com\/kurumsal\/projects\/kanguru-anaokulu\/\"><img decoding=\"async\" loading=\"lazy\" class=\"alignnone wp-image-741 size-full\" src=\"http:\/\/rengarenkmedya.com\/kurumsal\/wp-content\/uploads\/2020\/11\/kanguru-min.jpg\" alt=\"\" width=\"360\" height=\"245\" srcset=\"https:\/\/rengarenkmedya.com\/kurumsal\/wp-content\/uploads\/2020\/11\/kanguru-min.jpg 360w, https:\/\/rengarenkmedya.com\/kurumsal\/wp-content\/uploads\/2020\/11\/kanguru-min-300x204.jpg 300w\" sizes=\"(max-width: 360px) 100vw, 360px\" \/><\/a><\/p>\n<\/div>\n<div class=\"one-third \">\n<p><a href=\"https:\/\/rengarenkmedya.com\/kurumsal\/projects\/sakarya-sanat-merkezi\/\"><img decoding=\"async\" loading=\"lazy\" class=\"alignnone wp-image-743 size-full\" src=\"http:\/\/rengarenkmedya.com\/kurumsal\/wp-content\/uploads\/2020\/11\/sakarya-sanat-min.jpg\" alt=\"\" width=\"360\" height=\"245\" srcset=\"https:\/\/rengarenkmedya.com\/kurumsal\/wp-content\/uploads\/2020\/11\/sakarya-sanat-min.jpg 360w, https:\/\/rengarenkmedya.com\/kurumsal\/wp-content\/uploads\/2020\/11\/sakarya-sanat-min-300x204.jpg 300w\" sizes=\"(max-width: 360px) 100vw, 360px\" \/><\/a><\/p>\n<\/div>\n<div class=\"one-third \">\n<p><a href=\"https:\/\/rengarenkmedya.com\/kurumsal\/projects\/park-333-dugun-salonu\/\"><img decoding=\"async\" loading=\"lazy\" class=\"alignnone wp-image-742 size-full\" src=\"http:\/\/rengarenkmedya.com\/kurumsal\/wp-content\/uploads\/2020\/11\/park-333-min.jpg\" alt=\"\" width=\"360\" height=\"245\" srcset=\"https:\/\/rengarenkmedya.com\/kurumsal\/wp-content\/uploads\/2020\/11\/park-333-min.jpg 360w, https:\/\/rengarenkmedya.com\/kurumsal\/wp-content\/uploads\/2020\/11\/park-333-min-300x204.jpg 300w\" sizes=\"(max-width: 360px) 100vw, 360px\" \/><\/a><\/p>\n<\/div>\n<div class=\"one-third \">\n<p><a href=\"https:\/\/rengarenkmedya.com\/kurumsal\/projects\/teknik-tente\/\"><img decoding=\"async\" loading=\"lazy\" class=\"alignnone wp-image-744 size-full\" src=\"http:\/\/rengarenkmedya.com\/kurumsal\/wp-content\/uploads\/2020\/11\/teknik-tente-min.jpg\" alt=\"\" width=\"360\" height=\"245\" srcset=\"https:\/\/rengarenkmedya.com\/kurumsal\/wp-content\/uploads\/2020\/11\/teknik-tente-min.jpg 360w, https:\/\/rengarenkmedya.com\/kurumsal\/wp-content\/uploads\/2020\/11\/teknik-tente-min-300x204.jpg 300w\" sizes=\"(max-width: 360px) 100vw, 360px\" \/><\/a><\/p>\n<\/div>\n<div class=\"one-third \">\n<p><a href=\"https:\/\/rengarenkmedya.com\/kurumsal\/projects\/aldiva\/\"><img decoding=\"async\" loading=\"lazy\" class=\"alignnone wp-image-500 size-full\" src=\"https:\/\/rengarenkmedya.com\/kurumsal\/wp-content\/uploads\/2020\/03\/alvida-min.jpg\" alt=\"\" width=\"360\" height=\"245\" srcset=\"https:\/\/rengarenkmedya.com\/kurumsal\/wp-content\/uploads\/2020\/03\/alvida-min.jpg 360w, https:\/\/rengarenkmedya.com\/kurumsal\/wp-content\/uploads\/2020\/03\/alvida-min-300x204.jpg 300w\" sizes=\"(max-width: 360px) 100vw, 360px\" \/><\/a><\/p>\n<\/div>\n<div class=\"one-third \">\n<p><a href=\"https:\/\/rengarenkmedya.com\/kurumsal\/projects\/zm-grup\/\"><img decoding=\"async\" loading=\"lazy\" class=\"alignnone wp-image-745 size-full\" src=\"http:\/\/rengarenkmedya.com\/kurumsal\/wp-content\/uploads\/2020\/11\/zm-grup-min.jpg\" alt=\"\" width=\"360\" height=\"245\" srcset=\"https:\/\/rengarenkmedya.com\/kurumsal\/wp-content\/uploads\/2020\/11\/zm-grup-min.jpg 360w, https:\/\/rengarenkmedya.com\/kurumsal\/wp-content\/uploads\/2020\/11\/zm-grup-min-300x204.jpg 300w\" sizes=\"(max-width: 360px) 100vw, 360px\" \/><\/a><\/p>\n<\/div>\n<div class=\"one-third \">\n<p><a href=\"https:\/\/rengarenkmedya.com\/kurumsal\/projects\/zone-gym\/\"><img decoding=\"async\" loading=\"lazy\" class=\"alignnone wp-image-746 size-full\" src=\"http:\/\/rengarenkmedya.com\/kurumsal\/wp-content\/uploads\/2020\/11\/zone-min.jpg\" alt=\"\" width=\"360\" height=\"245\" srcset=\"https:\/\/rengarenkmedya.com\/kurumsal\/wp-content\/uploads\/2020\/11\/zone-min.jpg 360w, https:\/\/rengarenkmedya.com\/kurumsal\/wp-content\/uploads\/2020\/11\/zone-min-300x204.jpg 300w\" sizes=\"(max-width: 360px) 100vw, 360px\" \/><\/a><\/p>\n<\/div>\n<div class=\"one-third \">\n<p><a href=\"https:\/\/rengarenkmedya.com\/kurumsal\/projects\/wedding-by-selehattin-35\/\"><img decoding=\"async\" loading=\"lazy\" class=\"alignnone wp-image-509 size-full\" src=\"https:\/\/rengarenkmedya.com\/kurumsal\/wp-content\/uploads\/2020\/03\/wedding-35.jpg\" alt=\"\" width=\"360\" height=\"245\" srcset=\"https:\/\/rengarenkmedya.com\/kurumsal\/wp-content\/uploads\/2020\/03\/wedding-35.jpg 360w, https:\/\/rengarenkmedya.com\/kurumsal\/wp-content\/uploads\/2020\/03\/wedding-35-300x204.jpg 300w\" sizes=\"(max-width: 360px) 100vw, 360px\" \/><\/a><\/p>\n<\/div>\n<div class=\"one-third \">\n<p><a href=\"https:\/\/rengarenkmedya.com\/kurumsal\/projects\/modafen-dream-night\/\"><img decoding=\"async\" loading=\"lazy\" class=\"alignnone wp-image-505 size-full\" src=\"https:\/\/rengarenkmedya.com\/kurumsal\/wp-content\/uploads\/2020\/03\/modafen-min.jpg\" alt=\"\" width=\"360\" height=\"245\" srcset=\"https:\/\/rengarenkmedya.com\/kurumsal\/wp-content\/uploads\/2020\/03\/modafen-min.jpg 360w, https:\/\/rengarenkmedya.com\/kurumsal\/wp-content\/uploads\/2020\/03\/modafen-min-300x204.jpg 300w\" sizes=\"(max-width: 360px) 100vw, 360px\" \/><\/a><\/p>\n<\/div>\n<div class=\"one-third \">\n<p><a href=\"https:\/\/rengarenkmedya.com\/kurumsal\/projects\/amarok-offroad-istanbul\/\"><img decoding=\"async\" loading=\"lazy\" class=\"alignnone wp-image-507 size-full\" src=\"https:\/\/rengarenkmedya.com\/kurumsal\/wp-content\/uploads\/2020\/03\/amarok.jpg\" alt=\"\" width=\"360\" height=\"245\" srcset=\"https:\/\/rengarenkmedya.com\/kurumsal\/wp-content\/uploads\/2020\/03\/amarok.jpg 360w, https:\/\/rengarenkmedya.com\/kurumsal\/wp-content\/uploads\/2020\/03\/amarok-300x204.jpg 300w\" sizes=\"(max-width: 360px) 100vw, 360px\" \/><\/a><\/p>\n<\/div>\n<div class=\"one-third \">\n<p><a href=\"https:\/\/rengarenkmedya.com\/kurumsal\/projects\/kurtoglu-aluminyum\/\"><img decoding=\"async\" loading=\"lazy\" class=\"alignnone wp-image-508 size-full\" src=\"https:\/\/rengarenkmedya.com\/kurumsal\/wp-content\/uploads\/2020\/03\/kurtoglu.jpg\" alt=\"\" width=\"360\" height=\"245\" srcset=\"https:\/\/rengarenkmedya.com\/kurumsal\/wp-content\/uploads\/2020\/03\/kurtoglu.jpg 360w, https:\/\/rengarenkmedya.com\/kurumsal\/wp-content\/uploads\/2020\/03\/kurtoglu-300x204.jpg 300w\" sizes=\"(max-width: 360px) 100vw, 360px\" \/><\/a><\/p>\n<\/div>\n<\/div>\n","protected":false},"excerpt":{"rendered":"","protected":false},"author":1,"featured_media":0,"parent":0,"menu_order":0,"comment_status":"closed","ping_status":"closed","template":"","meta":{"footnotes":""},"_links":{"self":[{"href":"https:\/\/rengarenkmedya.com\/kurumsal\/wp-json\/wp\/v2\/pages\/252"}],"collection":[{"href":"https:\/\/rengarenkmedya.com\/kurumsal\/wp-json\/wp\/v2\/pages"}],"about":[{"href":"https:\/\/rengarenkmedya.com\/kurumsal\/wp-json\/wp\/v2\/types\/page"}],"author":[{"embeddable":true,"href":"https:\/\/rengarenkmedya.com\/kurumsal\/wp-json\/wp\/v2\/users\/1"}],"replies":[{"embeddable":true,"href":"https:\/\/rengarenkmedya.com\/kurumsal\/wp-json\/wp\/v2\/comments?post=252"}],"version-history":[{"count":0,"href":"https:\/\/rengarenkmedya.com\/kurumsal\/wp-json\/wp\/v2\/pages\/252\/revisions"}],"wp:attachment":[{"href":"https:\/\/rengarenkmedya.com\/kurumsal\/wp-json\/wp\/v2\/media?parent=252"}],"curies":[{"name":"wp","href":"https:\/\/api.w.org\/{rel}","templated":true}]}}